{"id":1753,"date":"2023-06-06T14:33:35","date_gmt":"2023-06-06T18:33:35","guid":{"rendered":"https:\/\/www.thermosmaximum.com\/privacy-policy\/"},"modified":"2023-06-24T10:48:44","modified_gmt":"2023-06-24T14:48:44","slug":"privacy-policy","status":"publish","type":"page","link":"https:\/\/www.thermosmaximum.com\/en\/privacy-policy\/","title":{"rendered":"Privacy policy"},"content":{"rendered":"\t\t<div data-elementor-type=\"wp-page\" data-elementor-id=\"1753\" class=\"elementor elementor-1753 elementor-1739\" data-elementor-post-type=\"page\">\n\t\t\t\t\t\t<section class=\"elementor-section elementor-top-section elementor-element elementor-element-121212f elementor-section-height-min-height elementor-section-boxed elementor-section-height-default elementor-section-items-middle\" data-id=\"121212f\" data-element_type=\"section\" data-e-type=\"section\" data-settings=\"{&quot;background_background&quot;:&quot;classic&quot;}\">\n\t\t\t\t\t\t<div class=\"elementor-container elementor-column-gap-default\">\n\t\t\t\t\t<div class=\"elementor-column elementor-col-50 elementor-top-column elementor-element elementor-element-9e46e9a\" data-id=\"9e46e9a\" data-element_type=\"column\" data-e-type=\"column\">\n\t\t\t<div class=\"elementor-widget-wrap elementor-element-populated\">\n\t\t\t\t\t\t<div class=\"elementor-element elementor-element-f7bf68f elementor-widget elementor-widget-text-editor\" data-id=\"f7bf68f\" data-element_type=\"widget\" data-e-type=\"widget\" data-widget_type=\"text-editor.default\">\n\t\t\t\t<div class=\"elementor-widget-container\">\n\t\t\t\t\t\t\t\t\t<p><a href=\"\/\">Home<\/a> &gt; Privacy policy<\/p>\n\t\t\t\t\t\t\t\t<\/div>\n\t\t\t\t<\/div>\n\t\t\t\t\t<\/div>\n\t\t<\/div>\n\t\t\t\t<div class=\"elementor-column elementor-col-50 elementor-top-column elementor-element elementor-element-da28ff6\" data-id=\"da28ff6\" data-element_type=\"column\" data-e-type=\"column\">\n\t\t\t<div class=\"elementor-widget-wrap elementor-element-populated\">\n\t\t\t\t\t\t\t<\/div>\n\t\t<\/div>\n\t\t\t\t\t<\/div>\n\t\t<\/section>\n\t\t\t\t<section class=\"elementor-section elementor-top-section elementor-element elementor-element-6588813 elementor-section-boxed elementor-section-height-default elementor-section-height-default\" data-id=\"6588813\" data-element_type=\"section\" data-e-type=\"section\">\n\t\t\t\t\t\t<div class=\"elementor-container elementor-column-gap-default\">\n\t\t\t\t\t<div class=\"elementor-column elementor-col-100 elementor-top-column elementor-element elementor-element-fc6dfc1\" data-id=\"fc6dfc1\" data-element_type=\"column\" data-e-type=\"column\" data-settings=\"{&quot;background_background&quot;:&quot;classic&quot;}\">\n\t\t\t<div class=\"elementor-widget-wrap elementor-element-populated\">\n\t\t\t\t\t\t<div class=\"elementor-element elementor-element-fc23002 elementor-widget elementor-widget-text-editor\" data-id=\"fc23002\" data-element_type=\"widget\" data-e-type=\"widget\" data-widget_type=\"text-editor.default\">\n\t\t\t\t<div class=\"elementor-widget-container\">\n\t\t\t\t\t\t\t\t\t<p>Thermos Maximum Privacy Policy<\/p>\n\t\t\t\t\t\t\t\t<\/div>\n\t\t\t\t<\/div>\n\t\t\t\t<div class=\"elementor-element elementor-element-83f91b0 elementor-widget elementor-widget-text-editor\" data-id=\"83f91b0\" data-element_type=\"widget\" data-e-type=\"widget\" data-widget_type=\"text-editor.default\">\n\t\t\t\t<div class=\"elementor-widget-container\">\n\t\t\t\t\t\t\t\t\t<p>This privacy notice discloses the privacy practices for thermosmaximum.com. This privacy notice applies solely to information collected by this web site. It will notify you of the following:<\/p>\n<p>What personally identifiable information is collected from you through the web site, how it is used and with whom it may be shared.<\/p>\n<ul>\n<li>What choices are available to you regarding the use of your data.<\/li>\n<li>The security procedures in place to protect the misuse of your information.<\/li>\n<li>How you can correct any inaccuracies in the information.<\/li>\n<\/ul>\n\t\t\t\t\t\t\t\t<\/div>\n\t\t\t\t<\/div>\n\t\t\t\t<div class=\"elementor-element elementor-element-0568202 elementor-widget elementor-widget-text-editor\" data-id=\"0568202\" data-element_type=\"widget\" data-e-type=\"widget\" data-widget_type=\"text-editor.default\">\n\t\t\t\t<div class=\"elementor-widget-container\">\n\t\t\t\t\t\t\t\t\t<p>Information collection, use and sharing<\/p>\n\t\t\t\t\t\t\t\t<\/div>\n\t\t\t\t<\/div>\n\t\t\t\t<div class=\"elementor-element elementor-element-a0fbff5 elementor-widget elementor-widget-text-editor\" data-id=\"a0fbff5\" data-element_type=\"widget\" data-e-type=\"widget\" data-widget_type=\"text-editor.default\">\n\t\t\t\t<div class=\"elementor-widget-container\">\n\t\t\t\t\t\t\t\t\t<p><span style=\"background-color: var( --e-global-color-secondary );\">Voir quelles donn\u00e9es nous avons sur vous, le cas \u00e9ch\u00e9ant. We only have access to\/collect information that you voluntarily give us via email or other direct contact from you. We will not sell or rent this information to anyone.<\/span><\/p>\n<p>We will use your information to respond to you, regarding the reason you contacted us. We will not share your information with any third party outside of our organization, other than as necessary to fulfill your request, e.g. to ship an order.<\/p>\n<p>Unless you ask us not to, we may contact you via email in the future to tell you about specials, new products or services, or changes to this privacy policy.<\/p>\n\t\t\t\t\t\t\t\t<\/div>\n\t\t\t\t<\/div>\n\t\t\t\t<div class=\"elementor-element elementor-element-c83f9e0 elementor-widget elementor-widget-text-editor\" data-id=\"c83f9e0\" data-element_type=\"widget\" data-e-type=\"widget\" data-widget_type=\"text-editor.default\">\n\t\t\t\t<div class=\"elementor-widget-container\">\n\t\t\t\t\t\t\t\t\t<p>Your access to and control over information<\/p>\n\t\t\t\t\t\t\t\t<\/div>\n\t\t\t\t<\/div>\n\t\t\t\t<div class=\"elementor-element elementor-element-3bf6083 elementor-widget elementor-widget-text-editor\" data-id=\"3bf6083\" data-element_type=\"widget\" data-e-type=\"widget\" data-widget_type=\"text-editor.default\">\n\t\t\t\t<div class=\"elementor-widget-container\">\n\t\t\t\t\t\t\t\t\t<p>You may opt out of any future contacts from us at any time. You can do the following at any time by contacting us via the email address or phone number given on our website:<\/p>\n<ul>\n<li>\n<p>See what data we have about you, if any.<\/p>\n<\/li>\n<li>\n<p><span style=\"background-color: transparent;\">Change\/correct any data we have about you.<\/span><\/p>\n<\/li>\n<li>\n<p><span style=\"background-color: transparent;\">Have us delete any data we have about you.<\/span><\/p>\n<\/li>\n<li>\n<p><span style=\"background-color: transparent;\">Express any concern you have about our use of your data.<\/span><\/p>\n<\/li>\n<\/ul>\n\t\t\t\t\t\t\t\t<\/div>\n\t\t\t\t<\/div>\n\t\t\t\t<div class=\"elementor-element elementor-element-15eba42 elementor-widget elementor-widget-text-editor\" data-id=\"15eba42\" data-element_type=\"widget\" data-e-type=\"widget\" data-widget_type=\"text-editor.default\">\n\t\t\t\t<div class=\"elementor-widget-container\">\n\t\t\t\t\t\t\t\t\t<p>Security<\/p>\n\t\t\t\t\t\t\t\t<\/div>\n\t\t\t\t<\/div>\n\t\t\t\t<div class=\"elementor-element elementor-element-b2930cf elementor-widget elementor-widget-text-editor\" data-id=\"b2930cf\" data-element_type=\"widget\" data-e-type=\"widget\" data-widget_type=\"text-editor.default\">\n\t\t\t\t<div class=\"elementor-widget-container\">\n\t\t\t\t\t\t\t\t\t<p><span style=\"background-color: var( --e-global-color-secondary );\">We take precautions to protect your information. When you submit sensitive information via the website, your information is protected both online and offline.<\/span><\/p>\n<p>Wherever we collect sensitive information (such as credit card data), that information is encrypted and transmitted to us in a secure way. You can verify this by looking for a closed lock icon at the bottom of your web browser, or looking for \u201chttps\u201d at the beginning of the address of the web page.<\/p>\n<p>While we use encryption to protect sensitive information transmitted online, we also protect your information offline. Only employees who need the information to perform a specific job (for example, billing or customer service) are granted access to personally identifiable information. The computers\/servers in which we store personally identifiable information are kept in a secure environment.<\/p>\n<p>Updates Our privacy policy may change from time to time, and any updates will be posted on this page.<\/p>\n<p>If you feel that we are not abiding by this privacy policy, you should contact us immediately via telephone at <a href=\"tel:+16136087722\">613-608-7722<\/a> or by par <a href=\"mailto:info@thermosmaximum.com\">email<\/a>.<\/p>\n\t\t\t\t\t\t\t\t<\/div>\n\t\t\t\t<\/div>\n\t\t\t\t\t<\/div>\n\t\t<\/div>\n\t\t\t\t\t<\/div>\n\t\t<\/section>\n\t\t\t\t<\/div>\n\t\t","protected":false},"excerpt":{"rendered":"<p>Home &gt; Privacy policy Thermos Maximum Privacy Policy This privacy notice discloses the privacy practices for thermosmaximum.com. This privacy notice applies solely to information collected by this web site. It will notify you of the following: What personally identifiable information is collected from you through the web site, how it is used and with whom [&hellip;]<\/p>\n","protected":false},"author":1,"featured_media":0,"parent":0,"menu_order":0,"comment_status":"closed","ping_status":"closed","template":"","meta":{"_seopress_robots_primary_cat":"","_seopress_titles_title":"Learn more about our privacy policy | Thermos Maximum","_seopress_titles_desc":"This privacy notice discloses the privacy practices. This privacy policy applies solely to information collected by this web site.","_seopress_robots_index":"","inline_featured_image":false,"footnotes":""},"class_list":["post-1753","page","type-page","status-publish","hentry"],"_links":{"self":[{"href":"https:\/\/www.thermosmaximum.com\/en\/wp-json\/wp\/v2\/pages\/1753","targetHints":{"allow":["GET"]}}],"collection":[{"href":"https:\/\/www.thermosmaximum.com\/en\/wp-json\/wp\/v2\/pages"}],"about":[{"href":"https:\/\/www.thermosmaximum.com\/en\/wp-json\/wp\/v2\/types\/page"}],"author":[{"embeddable":true,"href":"https:\/\/www.thermosmaximum.com\/en\/wp-json\/wp\/v2\/users\/1"}],"replies":[{"embeddable":true,"href":"https:\/\/www.thermosmaximum.com\/en\/wp-json\/wp\/v2\/comments?post=1753"}],"version-history":[{"count":3,"href":"https:\/\/www.thermosmaximum.com\/en\/wp-json\/wp\/v2\/pages\/1753\/revisions"}],"predecessor-version":[{"id":1987,"href":"https:\/\/www.thermosmaximum.com\/en\/wp-json\/wp\/v2\/pages\/1753\/revisions\/1987"}],"wp:attachment":[{"href":"https:\/\/www.thermosmaximum.com\/en\/wp-json\/wp\/v2\/media?parent=1753"}],"curies":[{"name":"wp","href":"https:\/\/api.w.org\/{rel}","templated":true}]}}